{"id":42,"date":"2020-01-29T13:07:12","date_gmt":"2020-01-29T13:07:12","guid":{"rendered":"http:\/\/casa-riotti.de\/?page_id=42"},"modified":"2026-04-17T16:59:51","modified_gmt":"2026-04-17T16:59:51","slug":"ferienhaus-naehe-lago-di-orta","status":"publish","type":"page","link":"https:\/\/casa-riotti.de\/","title":{"rendered":"Das Haus"},"content":{"rendered":"\n<p>Das ca. 300 Jahre alte Natursteinhaus befindet sich in dem kleinen D\u00f6rfchen Art\u00f2, Provinz Madonna del Sasso, im Piemont. Art\u00f2 liegt 4km vom n\u00e4chsten Badeort Pella entfernt in den H\u00fcgeln oberhalb des Ortasees auf 634m H\u00f6he an dessen waldigen Westufer. Es ist ein sehr alter und ruhiger kleiner Ort mit vielen Natursteinh\u00e4usern und engen, mit Flusskieseln besetzten Gassen. <\/p>\n\n\n\n<figure class=\"wp-block-gallery has-nested-images columns-default is-cropped wp-block-gallery-1 is-layout-flex wp-block-gallery-is-layout-flex\">\n<figure class=\"wp-block-image size-large\"><img loading=\"lazy\" decoding=\"async\" width=\"1024\" height=\"576\" data-id=\"589\" src=\"https:\/\/casa-riotti.de\/wp-content\/uploads\/2026\/04\/FB28BCB2-7F93-4824-AFD7-4D2E99AB7178_1_201_a-1024x576.jpeg\" alt=\"\" class=\"wp-image-589\" srcset=\"https:\/\/casa-riotti.de\/wp-content\/uploads\/2026\/04\/FB28BCB2-7F93-4824-AFD7-4D2E99AB7178_1_201_a-1024x576.jpeg 1024w, https:\/\/casa-riotti.de\/wp-content\/uploads\/2026\/04\/FB28BCB2-7F93-4824-AFD7-4D2E99AB7178_1_201_a-300x169.jpeg 300w, https:\/\/casa-riotti.de\/wp-content\/uploads\/2026\/04\/FB28BCB2-7F93-4824-AFD7-4D2E99AB7178_1_201_a-768x432.jpeg 768w, https:\/\/casa-riotti.de\/wp-content\/uploads\/2026\/04\/FB28BCB2-7F93-4824-AFD7-4D2E99AB7178_1_201_a-1536x864.jpeg 1536w, https:\/\/casa-riotti.de\/wp-content\/uploads\/2026\/04\/FB28BCB2-7F93-4824-AFD7-4D2E99AB7178_1_201_a.jpeg 2048w\" sizes=\"auto, (max-width: 767px) 89vw, (max-width: 1000px) 54vw, (max-width: 1071px) 543px, 580px\" \/><\/figure>\n<figcaption class=\"blocks-gallery-caption wp-element-caption\">Das Haus liegt mitten im D\u00f6rfchen Art\u00f2<\/figcaption><\/figure>\n\n\n\n<p><\/p>\n\n\n\n<p>Der Ortasee ist einer der kleineren oberitalienischen Seen, weitestgehend unbekannt und gilt als der urspr\u00fcnglichste und romantischste dieser Seen. Er liegt unmittelbar westlich vom Lago Maggiore, ist sehr malerisch und vom Massentourismus bisher v\u00f6llig verschont (einzig der Hauptort Orta San Giulio ist zu Ferienzeiten etwas \u00fcberlaufen). <\/p>\n\n\n\n<figure class=\"wp-block-image size-large\"><img loading=\"lazy\" decoding=\"async\" width=\"1024\" height=\"768\" src=\"https:\/\/casa-riotti.de\/wp-content\/uploads\/2020\/08\/q6AhXP5BSuuBQPklNS55gA-1024x768.jpg\" alt=\"\" class=\"wp-image-338\" srcset=\"https:\/\/casa-riotti.de\/wp-content\/uploads\/2020\/08\/q6AhXP5BSuuBQPklNS55gA-1024x768.jpg 1024w, https:\/\/casa-riotti.de\/wp-content\/uploads\/2020\/08\/q6AhXP5BSuuBQPklNS55gA-300x225.jpg 300w, https:\/\/casa-riotti.de\/wp-content\/uploads\/2020\/08\/q6AhXP5BSuuBQPklNS55gA-768x576.jpg 768w, https:\/\/casa-riotti.de\/wp-content\/uploads\/2020\/08\/q6AhXP5BSuuBQPklNS55gA-1536x1152.jpg 1536w, https:\/\/casa-riotti.de\/wp-content\/uploads\/2020\/08\/q6AhXP5BSuuBQPklNS55gA-2048x1536.jpg 2048w\" sizes=\"auto, (max-width: 767px) 89vw, (max-width: 1000px) 54vw, (max-width: 1071px) 543px, 580px\" \/><figcaption class=\"wp-element-caption\">K\u00fcste bei Orta San Giulio<\/figcaption><\/figure>\n\n\n\n<p><\/p>\n\n\n\n<p>Das Haus hat eine Wohnfl\u00e4che von 105qm plus 30qm Loggia und 220qm Garten und liegt mitten in dem kleinen Ort. Es gibt eine K\u00fcche, ein Wohnzimmer mit Kamin, drei Schlafzimmer mit jeweils zwei bis drei Betten bzw. Schlafm\u00f6glichkeiten, eins davon mit Badezimmer, ein weiteres Badezimmer mit Waschmaschine neben der K\u00fcche und eine Toilette auf halber H\u00f6he der Au\u00dfentreppe. Au\u00dferdem gibt es eine wunderbare schattige Loggia mit Blick \u00fcber den Garten, das alte D\u00f6rfchen und die umliegenden W\u00e4lder und H\u00fcgel. Der Garten ist nachmittags sonnig und auf der Hinterseite des Hauses gibt es noch eine schmale Terasse mit einem kleinen Tisch und Morgensonne.<\/p>\n\n\n\n<figure class=\"wp-block-image size-large\"><img loading=\"lazy\" decoding=\"async\" width=\"1024\" height=\"768\" src=\"https:\/\/casa-riotti.de\/wp-content\/uploads\/2020\/08\/fullsizeoutput_21cc-1024x768.jpeg\" alt=\"\" class=\"wp-image-323\" srcset=\"https:\/\/casa-riotti.de\/wp-content\/uploads\/2020\/08\/fullsizeoutput_21cc-1024x768.jpeg 1024w, https:\/\/casa-riotti.de\/wp-content\/uploads\/2020\/08\/fullsizeoutput_21cc-300x225.jpeg 300w, https:\/\/casa-riotti.de\/wp-content\/uploads\/2020\/08\/fullsizeoutput_21cc-768x576.jpeg 768w, https:\/\/casa-riotti.de\/wp-content\/uploads\/2020\/08\/fullsizeoutput_21cc-1536x1152.jpeg 1536w, https:\/\/casa-riotti.de\/wp-content\/uploads\/2020\/08\/fullsizeoutput_21cc-2048x1536.jpeg 2048w\" sizes=\"auto, (max-width: 767px) 89vw, (max-width: 1000px) 54vw, (max-width: 1071px) 543px, 580px\" \/><\/figure>\n\n\n\n<p>Die Umgebung ist waldig und ein gro\u00dfes Wanderparadies. Direkt von Art\u00f2 aus f\u00fchren viele Wanderwege in die waldigen Berge oder hinunter an den See.<\/p>\n","protected":false},"excerpt":{"rendered":"<p>Das ca. 300 Jahre alte Natursteinhaus befindet sich in dem kleinen D\u00f6rfchen Art\u00f2, Provinz Madonna del Sasso, im Piemont. Art\u00f2 liegt 4km vom n\u00e4chsten Badeort Pella entfernt in den H\u00fcgeln oberhalb des Ortasees auf 634m H\u00f6he an dessen waldigen Westufer. Es ist ein sehr alter und ruhiger kleiner Ort mit vielen Natursteinh\u00e4usern und engen, mit &hellip; <\/p>\n<p class=\"link-more\"><a href=\"https:\/\/casa-riotti.de\/\" class=\"more-link\"><span class=\"screen-reader-text\">\u201eDas Haus\u201c <\/span>weiterlesen<\/a><\/p>\n","protected":false},"author":1,"featured_media":328,"parent":0,"menu_order":0,"comment_status":"closed","ping_status":"closed","template":"","meta":{"footnotes":""},"class_list":["post-42","page","type-page","status-publish","has-post-thumbnail","hentry"],"_links":{"self":[{"href":"https:\/\/casa-riotti.de\/index.php?rest_route=\/wp\/v2\/pages\/42","targetHints":{"allow":["GET"]}}],"collection":[{"href":"https:\/\/casa-riotti.de\/index.php?rest_route=\/wp\/v2\/pages"}],"about":[{"href":"https:\/\/casa-riotti.de\/index.php?rest_route=\/wp\/v2\/types\/page"}],"author":[{"embeddable":true,"href":"https:\/\/casa-riotti.de\/index.php?rest_route=\/wp\/v2\/users\/1"}],"replies":[{"embeddable":true,"href":"https:\/\/casa-riotti.de\/index.php?rest_route=%2Fwp%2Fv2%2Fcomments&post=42"}],"version-history":[{"count":34,"href":"https:\/\/casa-riotti.de\/index.php?rest_route=\/wp\/v2\/pages\/42\/revisions"}],"predecessor-version":[{"id":590,"href":"https:\/\/casa-riotti.de\/index.php?rest_route=\/wp\/v2\/pages\/42\/revisions\/590"}],"wp:featuredmedia":[{"embeddable":true,"href":"https:\/\/casa-riotti.de\/index.php?rest_route=\/wp\/v2\/media\/328"}],"wp:attachment":[{"href":"https:\/\/casa-riotti.de\/index.php?rest_route=%2Fwp%2Fv2%2Fmedia&parent=42"}],"curies":[{"name":"wp","href":"https:\/\/api.w.org\/{rel}","templated":true}]}}