{"id":78,"date":"2020-01-29T16:11:04","date_gmt":"2020-01-29T16:11:04","guid":{"rendered":"http:\/\/casa-riotti.de\/?page_id=78"},"modified":"2025-01-11T15:39:39","modified_gmt":"2025-01-11T15:39:39","slug":"infrastruktur","status":"publish","type":"page","link":"https:\/\/casa-riotti.de\/?page_id=78","title":{"rendered":"Infrastruktur"},"content":{"rendered":"\n<h2 class=\"wp-block-heading\">Hin und weg<\/h2>\n\n\n\n<p>Viele Wege f\u00fchren nach Art\u00f2. Mit dem Auto, klar, durch die Schweiz (entweder durch den Gotthardtunnel mit der Gefahr langer Staus oder die wesentlich sch\u00f6nere Strecke \u00fcber den Simplon-Pass), dauert von K\u00f6ln aus ca. 9h. Mit dem Zug kann man im Idealfall ebenfalls in ca. 9h da sein (in Omegna), mit zweimal Umsteigen (Basel und Domodossola), wobei es auch l\u00e4ngere und unkomfortablere Verbindungen mit h\u00e4ufigerem Umsteigen gibt, je nach Tageszeit. Oder mit dem Nachtzug nach Mailand, ist ja auch immer einen Abstecher mit \u00dcbernachtung wert, und von dort mit dem Leihwagen an den Ortasee. Das haben wir aber  bisher noch nicht ausprobiert. Ein kleines Auto braucht man leider vor Ort, das muss man sich dann halt mieten. Mailand hat au\u00dferdem zwei Flugh\u00e4fen, von denen der eine, gr\u00f6\u00dfere &#8211; Mailand Malpensa (MXP) &#8211; praktischerweise auf halber Strecke zwischen der Stadt Mailand und dem Ortasee liegt, in ca. 50 Min. Entfernung von Art\u00f2.  Dorthin fliegt auch Eurowings ziemlich g\u00fcnstig in 90 Min. ab K\u00f6ln\/Bonn (Ryanair fliegt zu dem anderen &#8222;Mail\u00e4nder&#8220; Flughafen, BGY, der tats\u00e4chlich aber in Bergamo liegt, deutlich weiter weg). Malpensa ist riesig, so auch die Konkurrenz an Leihwagen-Anbietern, wo man dementsprechend extrem g\u00fcnstig Autos mieten kann (ab 6\u20ac pro Tag).<\/p>\n\n\n\n<h2 class=\"wp-block-heading\">Einkaufen und Ausgehen<\/h2>\n\n\n\n<p>Art\u00f2 selbst ist total ruhig, etwas oberhalb des Ortes gibt es aber eine kleine Trattoria mit ordentlicher K\u00fcche, auf halber Strecke zum Nachbarort Boleto (1,2 km entfernt) im Wald ein Agriturismo mit Restaurant. <\/p>\n\n\n\n<figure class=\"wp-block-image size-large\"><img loading=\"lazy\" decoding=\"async\" width=\"768\" height=\"1024\" src=\"https:\/\/casa-riotti.de\/wp-content\/uploads\/2020\/11\/fullsizeoutput_223d-768x1024.jpeg\" alt=\"\" class=\"wp-image-450\" srcset=\"https:\/\/casa-riotti.de\/wp-content\/uploads\/2020\/11\/fullsizeoutput_223d-768x1024.jpeg 768w, https:\/\/casa-riotti.de\/wp-content\/uploads\/2020\/11\/fullsizeoutput_223d-225x300.jpeg 225w, https:\/\/casa-riotti.de\/wp-content\/uploads\/2020\/11\/fullsizeoutput_223d-1152x1536.jpeg 1152w, https:\/\/casa-riotti.de\/wp-content\/uploads\/2020\/11\/fullsizeoutput_223d-1536x2048.jpeg 1536w, https:\/\/casa-riotti.de\/wp-content\/uploads\/2020\/11\/fullsizeoutput_223d-scaled.jpeg 1920w\" sizes=\"auto, (max-width: 767px) 89vw, (max-width: 1000px) 54vw, (max-width: 1071px) 543px, 580px\" \/><\/figure>\n\n\n\n<p>In Boleto gibt es neben der Kommunalverwaltung von Madonna del Sasso und der Post eine kleine Pizzeria und etwas unterhalb des Ortes ein Panoramahotel mit Restaurant und tollem Blick \u00fcber den See. Mehrere Restaurants und eine weithin bekannte Eisdiele gibt es in der N\u00e4he des Anlegers an der h\u00fcbschen kleinen Seepromenade in Pella, sowie Bars, Caf\u00e9s und eine Trattoria auch in Alzo und nat\u00fcrlich San Maurizio d&#8217;Opaglio. Der nette kleine Lebensmittelladen an der Piazza in Alzo (toller Seeblick!), die n\u00e4chste Einkaufsm\u00f6glichkeit, bietet auch morgendlichen Lieferservice f\u00fcr Brot und Br\u00f6tchen an!<\/p>\n\n\n\n<figure class=\"wp-block-image size-large\"><img loading=\"lazy\" decoding=\"async\" width=\"1024\" height=\"768\" src=\"https:\/\/casa-riotti.de\/wp-content\/uploads\/2020\/08\/zYXyWHyFTyijm93oGZE0Nw-1024x768.jpg\" alt=\"\" class=\"wp-image-346\" srcset=\"https:\/\/casa-riotti.de\/wp-content\/uploads\/2020\/08\/zYXyWHyFTyijm93oGZE0Nw-1024x768.jpg 1024w, https:\/\/casa-riotti.de\/wp-content\/uploads\/2020\/08\/zYXyWHyFTyijm93oGZE0Nw-300x225.jpg 300w, https:\/\/casa-riotti.de\/wp-content\/uploads\/2020\/08\/zYXyWHyFTyijm93oGZE0Nw-768x576.jpg 768w, https:\/\/casa-riotti.de\/wp-content\/uploads\/2020\/08\/zYXyWHyFTyijm93oGZE0Nw-1536x1152.jpg 1536w, https:\/\/casa-riotti.de\/wp-content\/uploads\/2020\/08\/zYXyWHyFTyijm93oGZE0Nw-2048x1536.jpg 2048w\" sizes=\"auto, (max-width: 767px) 89vw, (max-width: 1000px) 54vw, (max-width: 1071px) 543px, 580px\" \/><figcaption class=\"wp-element-caption\">Pella<\/figcaption><\/figure>\n\n\n\n<p>Den n\u00e4chsten gro\u00dfen Supermarkt (Conad) gibt es in San Maurizio d&#8217;Opaglio, in etwa 12 Minuten von Art\u00f2 aus mit dem Auto erreichbar, und weitere riesige Einkaufszentren an der Stra\u00dfe nach Borgomanero im S\u00fcden (IPERCOOP, ALDI, Essalungo, etc). In Omegna am Nordende des Sees ist jeden Donnerstag Wochenmarkt, auch dorthin f\u00e4hrt man am sch\u00f6nsten mit der Linienf\u00e4hre. Dort ist \u00fcbrigens Alessi (samt Outlet) beheimatet, wen&#8217;s interessiert &#8230;<\/p>\n\n\n\n<figure class=\"wp-block-image size-large\"><img loading=\"lazy\" decoding=\"async\" width=\"1024\" height=\"768\" src=\"https:\/\/casa-riotti.de\/wp-content\/uploads\/2020\/02\/IMG_2791-1024x768.jpeg\" alt=\"\" class=\"wp-image-179\" srcset=\"https:\/\/casa-riotti.de\/wp-content\/uploads\/2020\/02\/IMG_2791-1024x768.jpeg 1024w, https:\/\/casa-riotti.de\/wp-content\/uploads\/2020\/02\/IMG_2791-300x225.jpeg 300w, https:\/\/casa-riotti.de\/wp-content\/uploads\/2020\/02\/IMG_2791-768x576.jpeg 768w, https:\/\/casa-riotti.de\/wp-content\/uploads\/2020\/02\/IMG_2791-1536x1152.jpeg 1536w, https:\/\/casa-riotti.de\/wp-content\/uploads\/2020\/02\/IMG_2791-2048x1536.jpeg 2048w\" sizes=\"auto, (max-width: 767px) 89vw, (max-width: 1000px) 54vw, (max-width: 1071px) 543px, 580px\" \/><\/figure>\n\n\n\n<p>Jede Menge Ausgehm\u00f6glichkeiten gibt es nat\u00fcrlich in Orta San Giulio, wohin man in 15 Minuten ab Pella mit Zwischenstopp auf der Isola San Giulia mit der Linienf\u00e4hre \u00fcbersetzt (der zentrale Platz, an dem man mit der F\u00e4hre auch anlegt, hei\u00dft Piazza Motta). Man muss aber aufpassen, dass man die leider sehr fr\u00fche letzte F\u00e4hre nicht verpasst &#8211; wenn man in Orta zu Abend essen will, sollte man sich vorher ein Wassertaxi organisieren. <\/p>\n\n\n\n<h2 class=\"wp-block-heading\">Fernsehen und Internet<\/h2>\n\n\n\n<p>Es gibt mittlerweile Internet im Haus und es empfiehlt sich, auch das Fernsehen mit einem mitgebrachten TV-Stick \u00fcbers Internet zu nutzen. Die Satellitensch\u00fcssel funktioniert zwar, wird aber schnell von Kletterpflanzen \u00fcberwuchtert und dann findet der Receiver die Sender nicht mehr. Au\u00dferdem gibt es einen DVD- und BluRay-Player und eine Mini-Anlage mit CD-Spieler. <\/p>\n\n\n\n<p><\/p>\n\n\n\n<h2 class=\"wp-block-heading\">Im Notfall<\/h2>\n\n\n\n<p>Bei der Kommunalverwaltung von San Maurizio d&#8217;Opaglio, Piazza I Maggio, gibt es eine deutschsprachige Apotheke, die n\u00e4chste Notaufnahme ist im Ospedale Ss. Trinit\u00e0 am Nordeingang von Borgomanero.<\/p>\n","protected":false},"excerpt":{"rendered":"<p>Hin und weg Viele Wege f\u00fchren nach Art\u00f2. Mit dem Auto, klar, durch die Schweiz (entweder durch den Gotthardtunnel mit der Gefahr langer Staus oder die wesentlich sch\u00f6nere Strecke \u00fcber den Simplon-Pass), dauert von K\u00f6ln aus ca. 9h. Mit dem Zug kann man im Idealfall ebenfalls in ca. 9h da sein (in Omegna), mit zweimal &hellip; <\/p>\n<p class=\"link-more\"><a href=\"https:\/\/casa-riotti.de\/?page_id=78\" class=\"more-link\"><span class=\"screen-reader-text\">\u201eInfrastruktur\u201c <\/span>weiterlesen<\/a><\/p>\n","protected":false},"author":1,"featured_media":347,"parent":0,"menu_order":0,"comment_status":"closed","ping_status":"closed","template":"","meta":{"footnotes":""},"class_list":["post-78","page","type-page","status-publish","has-post-thumbnail","hentry"],"_links":{"self":[{"href":"https:\/\/casa-riotti.de\/index.php?rest_route=\/wp\/v2\/pages\/78","targetHints":{"allow":["GET"]}}],"collection":[{"href":"https:\/\/casa-riotti.de\/index.php?rest_route=\/wp\/v2\/pages"}],"about":[{"href":"https:\/\/casa-riotti.de\/index.php?rest_route=\/wp\/v2\/types\/page"}],"author":[{"embeddable":true,"href":"https:\/\/casa-riotti.de\/index.php?rest_route=\/wp\/v2\/users\/1"}],"replies":[{"embeddable":true,"href":"https:\/\/casa-riotti.de\/index.php?rest_route=%2Fwp%2Fv2%2Fcomments&post=78"}],"version-history":[{"count":40,"href":"https:\/\/casa-riotti.de\/index.php?rest_route=\/wp\/v2\/pages\/78\/revisions"}],"predecessor-version":[{"id":567,"href":"https:\/\/casa-riotti.de\/index.php?rest_route=\/wp\/v2\/pages\/78\/revisions\/567"}],"wp:featuredmedia":[{"embeddable":true,"href":"https:\/\/casa-riotti.de\/index.php?rest_route=\/wp\/v2\/media\/347"}],"wp:attachment":[{"href":"https:\/\/casa-riotti.de\/index.php?rest_route=%2Fwp%2Fv2%2Fmedia&parent=78"}],"curies":[{"name":"wp","href":"https:\/\/api.w.org\/{rel}","templated":true}]}}