{"id":81,"date":"2020-01-29T16:11:28","date_gmt":"2020-01-29T16:11:28","guid":{"rendered":"http:\/\/casa-riotti.de\/?page_id=81"},"modified":"2022-06-29T13:08:15","modified_gmt":"2022-06-29T13:08:15","slug":"freizeitmoeglichkeiten","status":"publish","type":"page","link":"https:\/\/casa-riotti.de\/?page_id=81","title":{"rendered":"Freizeitm\u00f6glichkeiten"},"content":{"rendered":"\n<p>Art\u00f2 ist unmittelbar umgeben von wundersch\u00f6nen W\u00e4ldern und tiefen Schluchten, die zu jeder Jahreszeit zum Spazierengehen, Wandern und Bergsteigen einladen. Sie sind durchzogen von B\u00e4chen und kleinen Fl\u00fcssen, die alle \u00fcber gro\u00dfe Steine mit vielen kleinen Wasserf\u00e4llen und sandigen Becken im Bachbett das Tal hinab Richtung See flie\u00dfen und vor allem f\u00fcr Kinder zum Klettern, Staud\u00e4mmebauen und Plantschen toll sind. Der n\u00e4chste Bach ist nur 3 Minuten vom Haus entfernt.<\/p>\n\n\n\n<figure class=\"wp-block-image size-large\"><img loading=\"lazy\" decoding=\"async\" width=\"768\" height=\"1024\" src=\"https:\/\/casa-riotti.de\/wp-content\/uploads\/2021\/05\/AEB18C07-F27C-409C-8820-4BB52B74DA78-768x1024.jpeg\" alt=\"\" class=\"wp-image-496\" srcset=\"https:\/\/casa-riotti.de\/wp-content\/uploads\/2021\/05\/AEB18C07-F27C-409C-8820-4BB52B74DA78-768x1024.jpeg 768w, https:\/\/casa-riotti.de\/wp-content\/uploads\/2021\/05\/AEB18C07-F27C-409C-8820-4BB52B74DA78-225x300.jpeg 225w, https:\/\/casa-riotti.de\/wp-content\/uploads\/2021\/05\/AEB18C07-F27C-409C-8820-4BB52B74DA78-1152x1536.jpeg 1152w, https:\/\/casa-riotti.de\/wp-content\/uploads\/2021\/05\/AEB18C07-F27C-409C-8820-4BB52B74DA78-1536x2048.jpeg 1536w, https:\/\/casa-riotti.de\/wp-content\/uploads\/2021\/05\/AEB18C07-F27C-409C-8820-4BB52B74DA78-scaled.jpeg 1920w\" sizes=\"auto, (max-width: 767px) 89vw, (max-width: 1000px) 54vw, (max-width: 1071px) 543px, 580px\" \/><\/figure>\n\n\n\n<figure class=\"wp-block-image size-large\"><img loading=\"lazy\" decoding=\"async\" width=\"1024\" height=\"768\" src=\"https:\/\/casa-riotti.de\/wp-content\/uploads\/2021\/05\/A3B7A2C7-B435-4BB8-94F8-17AE46F151E4-1024x768.jpeg\" alt=\"\" class=\"wp-image-501\" srcset=\"https:\/\/casa-riotti.de\/wp-content\/uploads\/2021\/05\/A3B7A2C7-B435-4BB8-94F8-17AE46F151E4-1024x768.jpeg 1024w, https:\/\/casa-riotti.de\/wp-content\/uploads\/2021\/05\/A3B7A2C7-B435-4BB8-94F8-17AE46F151E4-300x225.jpeg 300w, https:\/\/casa-riotti.de\/wp-content\/uploads\/2021\/05\/A3B7A2C7-B435-4BB8-94F8-17AE46F151E4-768x576.jpeg 768w, https:\/\/casa-riotti.de\/wp-content\/uploads\/2021\/05\/A3B7A2C7-B435-4BB8-94F8-17AE46F151E4-1536x1152.jpeg 1536w, https:\/\/casa-riotti.de\/wp-content\/uploads\/2021\/05\/A3B7A2C7-B435-4BB8-94F8-17AE46F151E4-2048x1536.jpeg 2048w\" sizes=\"auto, (max-width: 767px) 89vw, (max-width: 1000px) 54vw, (max-width: 1071px) 543px, 580px\" \/><\/figure>\n\n\n\n<figure class=\"wp-block-image size-large\"><img loading=\"lazy\" decoding=\"async\" width=\"1024\" height=\"768\" src=\"https:\/\/casa-riotti.de\/wp-content\/uploads\/2021\/05\/057983EB-FD21-4A2E-9476-E4DF041122FC-1024x768.jpeg\" alt=\"\" class=\"wp-image-500\" srcset=\"https:\/\/casa-riotti.de\/wp-content\/uploads\/2021\/05\/057983EB-FD21-4A2E-9476-E4DF041122FC-1024x768.jpeg 1024w, https:\/\/casa-riotti.de\/wp-content\/uploads\/2021\/05\/057983EB-FD21-4A2E-9476-E4DF041122FC-300x225.jpeg 300w, https:\/\/casa-riotti.de\/wp-content\/uploads\/2021\/05\/057983EB-FD21-4A2E-9476-E4DF041122FC-768x576.jpeg 768w, https:\/\/casa-riotti.de\/wp-content\/uploads\/2021\/05\/057983EB-FD21-4A2E-9476-E4DF041122FC-1536x1152.jpeg 1536w, https:\/\/casa-riotti.de\/wp-content\/uploads\/2021\/05\/057983EB-FD21-4A2E-9476-E4DF041122FC-2048x1536.jpeg 2048w\" sizes=\"auto, (max-width: 767px) 89vw, (max-width: 1000px) 54vw, (max-width: 1071px) 543px, 580px\" \/><\/figure>\n\n\n\n<p>Durch diese W\u00e4lder kommt man in einem halbst\u00fcndigen Spaziergang von Art\u00f2 aus auch zur touristischen Hauptattraktion der Kommune Madonna del Sasso, n\u00e4mlich der gleichnamigen Wallfahrtskirche, die spektakul\u00e4r und weithin sichtbar leuchtend wei\u00df auf einem Felsen hoch \u00fcber dem Ortasee thront. <\/p>\n\n\n\n<figure class=\"wp-block-image size-large\"><img loading=\"lazy\" decoding=\"async\" width=\"1024\" height=\"768\" src=\"https:\/\/casa-riotti.de\/wp-content\/uploads\/2020\/11\/IMG_4190-1024x768.jpg\" alt=\"\" class=\"wp-image-447\" srcset=\"https:\/\/casa-riotti.de\/wp-content\/uploads\/2020\/11\/IMG_4190-1024x768.jpg 1024w, https:\/\/casa-riotti.de\/wp-content\/uploads\/2020\/11\/IMG_4190-300x225.jpg 300w, https:\/\/casa-riotti.de\/wp-content\/uploads\/2020\/11\/IMG_4190-768x576.jpg 768w, https:\/\/casa-riotti.de\/wp-content\/uploads\/2020\/11\/IMG_4190-1536x1152.jpg 1536w, https:\/\/casa-riotti.de\/wp-content\/uploads\/2020\/11\/IMG_4190-2048x1536.jpg 2048w\" sizes=\"auto, (max-width: 767px) 89vw, (max-width: 1000px) 54vw, (max-width: 1071px) 543px, 580px\" \/><figcaption>Santuario della Madonna del Sasso<\/figcaption><\/figure>\n\n\n\n<figure class=\"wp-block-image size-large\"><img loading=\"lazy\" decoding=\"async\" width=\"1024\" height=\"768\" src=\"https:\/\/casa-riotti.de\/wp-content\/uploads\/2021\/05\/A15DE5C4-271F-4286-8033-566DABBCFDF1-1024x768.jpeg\" alt=\"\" class=\"wp-image-497\" srcset=\"https:\/\/casa-riotti.de\/wp-content\/uploads\/2021\/05\/A15DE5C4-271F-4286-8033-566DABBCFDF1-1024x768.jpeg 1024w, https:\/\/casa-riotti.de\/wp-content\/uploads\/2021\/05\/A15DE5C4-271F-4286-8033-566DABBCFDF1-300x225.jpeg 300w, https:\/\/casa-riotti.de\/wp-content\/uploads\/2021\/05\/A15DE5C4-271F-4286-8033-566DABBCFDF1-768x576.jpeg 768w, https:\/\/casa-riotti.de\/wp-content\/uploads\/2021\/05\/A15DE5C4-271F-4286-8033-566DABBCFDF1-1536x1152.jpeg 1536w, https:\/\/casa-riotti.de\/wp-content\/uploads\/2021\/05\/A15DE5C4-271F-4286-8033-566DABBCFDF1-2048x1536.jpeg 2048w\" sizes=\"auto, (max-width: 767px) 89vw, (max-width: 1000px) 54vw, (max-width: 1071px) 543px, 580px\" \/><figcaption>Blick von Madonna Del Sasso \u00fcber den See.<\/figcaption><\/figure>\n\n\n\n<p>Baden kann man im Sommer au\u00dferdem nat\u00fcrlich wunderbar im Ortasee &#8211; der See ist einer der saubersten Europas und hat glasklares, azurblaues Wasser. Der n\u00e4chste Strand samt Badesteg ist von Art\u00f2 aus in Lagna und es gibt rund um den See einige Str\u00e4nde und viele malerische Holzstege, von denen aus man ins Wasser springen kann. <\/p>\n\n\n\n<figure class=\"wp-block-image size-large\"><img loading=\"lazy\" decoding=\"async\" width=\"1024\" height=\"768\" src=\"https:\/\/casa-riotti.de\/wp-content\/uploads\/2020\/08\/C6z6pfM9RZGNTDjkQDtaw-1024x768.jpg\" alt=\"\" class=\"wp-image-337\" srcset=\"https:\/\/casa-riotti.de\/wp-content\/uploads\/2020\/08\/C6z6pfM9RZGNTDjkQDtaw-1024x768.jpg 1024w, https:\/\/casa-riotti.de\/wp-content\/uploads\/2020\/08\/C6z6pfM9RZGNTDjkQDtaw-300x225.jpg 300w, https:\/\/casa-riotti.de\/wp-content\/uploads\/2020\/08\/C6z6pfM9RZGNTDjkQDtaw-768x576.jpg 768w, https:\/\/casa-riotti.de\/wp-content\/uploads\/2020\/08\/C6z6pfM9RZGNTDjkQDtaw-1536x1152.jpg 1536w, https:\/\/casa-riotti.de\/wp-content\/uploads\/2020\/08\/C6z6pfM9RZGNTDjkQDtaw-2048x1536.jpg 2048w\" sizes=\"auto, (max-width: 767px) 89vw, (max-width: 1000px) 54vw, (max-width: 1071px) 543px, 580px\" \/><figcaption>Strand in Lagna<\/figcaption><\/figure>\n\n\n\n<figure class=\"wp-block-image size-large\"><img loading=\"lazy\" decoding=\"async\" width=\"1024\" height=\"768\" src=\"https:\/\/casa-riotti.de\/wp-content\/uploads\/2020\/08\/00o43E4RUsTnw2kA9Zrg-1024x768.jpg\" alt=\"\" class=\"wp-image-395\" srcset=\"https:\/\/casa-riotti.de\/wp-content\/uploads\/2020\/08\/00o43E4RUsTnw2kA9Zrg-1024x768.jpg 1024w, https:\/\/casa-riotti.de\/wp-content\/uploads\/2020\/08\/00o43E4RUsTnw2kA9Zrg-300x225.jpg 300w, https:\/\/casa-riotti.de\/wp-content\/uploads\/2020\/08\/00o43E4RUsTnw2kA9Zrg-768x576.jpg 768w, https:\/\/casa-riotti.de\/wp-content\/uploads\/2020\/08\/00o43E4RUsTnw2kA9Zrg-1536x1152.jpg 1536w, https:\/\/casa-riotti.de\/wp-content\/uploads\/2020\/08\/00o43E4RUsTnw2kA9Zrg-2048x1536.jpg 2048w\" sizes=\"auto, (max-width: 767px) 89vw, (max-width: 1000px) 54vw, (max-width: 1071px) 543px, 580px\" \/><\/figure>\n\n\n\n<p>Au\u00dferdem kann man Tauchen, Kajakfahren oder Segeln, Wasserski fahren, Windsurfen, Motorboote mieten oder Sightseeing Touren auf dem Wasser machen. Die waldigen H\u00fcgel und Berge um den See herum sind ein Paradies f\u00fcr Mountain-Biker, au\u00dferdem gibt es mehrere Reitst\u00e4lle, in den Ortschaften Invorio, Miasino und Egro werden auch Reitkurse angeboten. <\/p>\n\n\n\n<p>Der extrem h\u00fcbsche touristische Hot Spot auf der Ostseite des Ortasees, Orta San Giulio, liegt unmittelbar gegen\u00fcber von Pella und ist von Pella aus per F\u00e4hre oder Wassertaxi in 10 bis 15 Minuten erreichbar. Auch sehr pittoresk ist die vorgelagerte Insel Isola San Giulio, die zum Ort geh\u00f6rt, dicht bebaut ist und haupts\u00e4chlich von einem alten Kloster eingenommen wird. <\/p>\n\n\n\n<figure class=\"wp-block-image size-large\"><img loading=\"lazy\" decoding=\"async\" width=\"1024\" height=\"768\" src=\"https:\/\/casa-riotti.de\/wp-content\/uploads\/2020\/08\/KuFNI8pSOWoeIq2oxfx7g-1024x768.jpg\" alt=\"\" class=\"wp-image-381\" srcset=\"https:\/\/casa-riotti.de\/wp-content\/uploads\/2020\/08\/KuFNI8pSOWoeIq2oxfx7g-1024x768.jpg 1024w, https:\/\/casa-riotti.de\/wp-content\/uploads\/2020\/08\/KuFNI8pSOWoeIq2oxfx7g-300x225.jpg 300w, https:\/\/casa-riotti.de\/wp-content\/uploads\/2020\/08\/KuFNI8pSOWoeIq2oxfx7g-768x576.jpg 768w, https:\/\/casa-riotti.de\/wp-content\/uploads\/2020\/08\/KuFNI8pSOWoeIq2oxfx7g-1536x1152.jpg 1536w, https:\/\/casa-riotti.de\/wp-content\/uploads\/2020\/08\/KuFNI8pSOWoeIq2oxfx7g-2048x1536.jpg 2048w\" sizes=\"auto, (max-width: 767px) 89vw, (max-width: 1000px) 54vw, (max-width: 1071px) 543px, 580px\" \/><figcaption>Isola San Giulio<\/figcaption><\/figure>\n\n\n\n<figure class=\"wp-block-image size-large\"><img loading=\"lazy\" decoding=\"async\" width=\"768\" height=\"1024\" src=\"https:\/\/casa-riotti.de\/wp-content\/uploads\/2020\/11\/w0v1RiHSfO6zlhx2mRwg-768x1024.jpg\" alt=\"\" class=\"wp-image-425\" srcset=\"https:\/\/casa-riotti.de\/wp-content\/uploads\/2020\/11\/w0v1RiHSfO6zlhx2mRwg-768x1024.jpg 768w, https:\/\/casa-riotti.de\/wp-content\/uploads\/2020\/11\/w0v1RiHSfO6zlhx2mRwg-225x300.jpg 225w, https:\/\/casa-riotti.de\/wp-content\/uploads\/2020\/11\/w0v1RiHSfO6zlhx2mRwg-1152x1536.jpg 1152w, https:\/\/casa-riotti.de\/wp-content\/uploads\/2020\/11\/w0v1RiHSfO6zlhx2mRwg-1536x2048.jpg 1536w, https:\/\/casa-riotti.de\/wp-content\/uploads\/2020\/11\/w0v1RiHSfO6zlhx2mRwg-scaled.jpg 1920w\" sizes=\"auto, (max-width: 767px) 89vw, (max-width: 1000px) 54vw, (max-width: 1071px) 543px, 580px\" \/><figcaption>Auf der Isola<\/figcaption><\/figure>\n\n\n\n<figure class=\"wp-block-image size-large\"><img loading=\"lazy\" decoding=\"async\" width=\"1024\" height=\"768\" src=\"https:\/\/casa-riotti.de\/wp-content\/uploads\/2020\/08\/0Rvtt5yPSn6k0bDoQ5NNA-1024x768.jpg\" alt=\"\" class=\"wp-image-339\" srcset=\"https:\/\/casa-riotti.de\/wp-content\/uploads\/2020\/08\/0Rvtt5yPSn6k0bDoQ5NNA-1024x768.jpg 1024w, https:\/\/casa-riotti.de\/wp-content\/uploads\/2020\/08\/0Rvtt5yPSn6k0bDoQ5NNA-300x225.jpg 300w, https:\/\/casa-riotti.de\/wp-content\/uploads\/2020\/08\/0Rvtt5yPSn6k0bDoQ5NNA-768x576.jpg 768w, https:\/\/casa-riotti.de\/wp-content\/uploads\/2020\/08\/0Rvtt5yPSn6k0bDoQ5NNA-1536x1152.jpg 1536w, https:\/\/casa-riotti.de\/wp-content\/uploads\/2020\/08\/0Rvtt5yPSn6k0bDoQ5NNA-2048x1536.jpg 2048w\" sizes=\"auto, (max-width: 767px) 89vw, (max-width: 1000px) 54vw, (max-width: 1071px) 543px, 580px\" \/><figcaption>Blick von Orta San Giulio auf die Isola<\/figcaption><\/figure>\n\n\n\n<p>Als Ausflugsziele bieten sich au\u00dferdem nat\u00fcrlich der Lago Maggiore an, den man in etwa einer halben Stunde erreicht. Zwischen Lago Maggiore und Lago di Orta liegt das Bergmassiv des Mottarone, im Winter ein Skigebiet und f\u00fcr NaturliebhaberInnen und Aussichtsgenie\u00dferInnen zu jeder Jahreszeit einen Ausflug wert &#8211; von hier aus hat man Aussicht auf sieben umliegende Seen. Bei NaturliebhaberInnen ebenfalls sehr beliebt sind das Val d&#8217;Ossola n\u00f6rdlich des Ortasees sowie der zwischen Val d&#8217;Ossola und Lago Maggiore liegende Nationalpark Val Grande, das gr\u00f6\u00dfte Wildnisgebiet der Alpen mit riesigen, v\u00f6llig unber\u00fchrten Urw\u00e4ldern, das zum Erwandern aufgrund der eingeschr\u00e4nkten touristischen Infrastruktur aber eher was f\u00fcr Fortgeschrittene sein soll. Durch das Val d&#8217;Ossola f\u00fchrt \u00fcbrigens auch eine sehr sch\u00f6ne Regionalbahnlinie nach Domodossola, und von dort aus wiederum eine spektakul\u00e4re Panoramabahn, die Centovallibahn, nach Locarno am Nordende des Lago Maggiore. Wenn man von dort aus dann mit der F\u00e4hre den See hinunter bis Feriolo f\u00e4hrt, hat man eine gro\u00dfatige Rundtour gemacht &#8211; f\u00fcr einen Tag eine etwas gro\u00dfe Tour, aber mit \u00dcbernachtung im sch\u00f6nen Locarno &#8230; <\/p>\n\n\n\n<p>Infos zu Freizeitm\u00f6glichkeiten stehen ansonsten auch in dem Ordner, der im Haus ausliegt.<\/p>\n","protected":false},"excerpt":{"rendered":"<p>Art\u00f2 ist unmittelbar umgeben von wundersch\u00f6nen W\u00e4ldern und tiefen Schluchten, die zu jeder Jahreszeit zum Spazierengehen, Wandern und Bergsteigen einladen. Sie sind durchzogen von B\u00e4chen und kleinen Fl\u00fcssen, die alle \u00fcber gro\u00dfe Steine mit vielen kleinen Wasserf\u00e4llen und sandigen Becken im Bachbett das Tal hinab Richtung See flie\u00dfen und vor allem f\u00fcr Kinder zum Klettern, &hellip; <\/p>\n<p class=\"link-more\"><a href=\"https:\/\/casa-riotti.de\/?page_id=81\" class=\"more-link\"><span class=\"screen-reader-text\">\u201eFreizeitm\u00f6glichkeiten\u201c <\/span>weiterlesen<\/a><\/p>\n","protected":false},"author":1,"featured_media":293,"parent":0,"menu_order":0,"comment_status":"closed","ping_status":"closed","template":"","meta":{"footnotes":""},"class_list":["post-81","page","type-page","status-publish","has-post-thumbnail","hentry"],"_links":{"self":[{"href":"https:\/\/casa-riotti.de\/index.php?rest_route=\/wp\/v2\/pages\/81","targetHints":{"allow":["GET"]}}],"collection":[{"href":"https:\/\/casa-riotti.de\/index.php?rest_route=\/wp\/v2\/pages"}],"about":[{"href":"https:\/\/casa-riotti.de\/index.php?rest_route=\/wp\/v2\/types\/page"}],"author":[{"embeddable":true,"href":"https:\/\/casa-riotti.de\/index.php?rest_route=\/wp\/v2\/users\/1"}],"replies":[{"embeddable":true,"href":"https:\/\/casa-riotti.de\/index.php?rest_route=%2Fwp%2Fv2%2Fcomments&post=81"}],"version-history":[{"count":38,"href":"https:\/\/casa-riotti.de\/index.php?rest_route=\/wp\/v2\/pages\/81\/revisions"}],"predecessor-version":[{"id":534,"href":"https:\/\/casa-riotti.de\/index.php?rest_route=\/wp\/v2\/pages\/81\/revisions\/534"}],"wp:featuredmedia":[{"embeddable":true,"href":"https:\/\/casa-riotti.de\/index.php?rest_route=\/wp\/v2\/media\/293"}],"wp:attachment":[{"href":"https:\/\/casa-riotti.de\/index.php?rest_route=%2Fwp%2Fv2%2Fmedia&parent=81"}],"curies":[{"name":"wp","href":"https:\/\/api.w.org\/{rel}","templated":true}]}}